{"id":141,"date":"2023-08-01T00:48:48","date_gmt":"2023-08-01T00:48:48","guid":{"rendered":"https:\/\/contrerasabogados.mx\/?page_id=141"},"modified":"2023-08-01T00:52:25","modified_gmt":"2023-08-01T00:52:25","slug":"tc","status":"publish","type":"page","link":"https:\/\/contrerasabogados.mx\/en\/tc\/","title":{"rendered":"TC"},"content":{"rendered":"<div data-elementor-type=\"wp-page\" data-elementor-id=\"141\" class=\"elementor elementor-141\" data-elementor-post-type=\"page\">\n\t\t\t\t\t\t<section class=\"elementor-section elementor-top-section elementor-element elementor-element-0210468 elementor-section-boxed elementor-section-height-default elementor-section-height-default\" data-id=\"0210468\" data-element_type=\"section\" data-e-type=\"section\" data-settings=\"{&quot;background_background&quot;:&quot;classic&quot;}\">\n\t\t\t\t\t\t<div class=\"elementor-container elementor-column-gap-default\">\n\t\t\t\t\t<div class=\"elementor-column elementor-col-50 elementor-top-column elementor-element elementor-element-842eb6d\" data-id=\"842eb6d\" data-element_type=\"column\" data-e-type=\"column\">\n\t\t\t<div class=\"elementor-widget-wrap elementor-element-populated\">\n\t\t\t\t\t\t<div class=\"elementor-element elementor-element-47b4669 elementor-widget elementor-widget-image\" data-id=\"47b4669\" data-element_type=\"widget\" data-e-type=\"widget\" data-widget_type=\"image.default\">\n\t\t\t\t<div class=\"elementor-widget-container\">\n\t\t\t\t\t\t\t\t\t\t\t\t\t\t\t<img decoding=\"async\" width=\"443\" height=\"93\" src=\"https:\/\/contrerasabogados.mx\/wp-content\/uploads\/2023\/07\/Logo_Blanco_CA.webp\" class=\"attachment-large size-large wp-image-67\" alt=\"\" srcset=\"https:\/\/contrerasabogados.mx\/wp-content\/uploads\/2023\/07\/Logo_Blanco_CA.webp 443w, https:\/\/contrerasabogados.mx\/wp-content\/uploads\/2023\/07\/Logo_Blanco_CA-300x63.webp 300w\" sizes=\"(max-width: 443px) 100vw, 443px\" \/>\t\t\t\t\t\t\t\t\t\t\t\t\t\t\t<\/div>\n\t\t\t\t<\/div>\n\t\t\t\t\t<\/div>\n\t\t<\/div>\n\t\t\t\t<div class=\"elementor-column elementor-col-50 elementor-top-column elementor-element elementor-element-e6c0b77\" data-id=\"e6c0b77\" data-element_type=\"column\" data-e-type=\"column\">\n\t\t\t<div class=\"elementor-widget-wrap elementor-element-populated\">\n\t\t\t\t\t\t<div class=\"elementor-element elementor-element-4e7ae88 elementor-nav-menu--dropdown-mobile elementor-widget-tablet__width-initial elementor-nav-menu__text-align-aside elementor-nav-menu--toggle elementor-nav-menu--burger elementor-widget elementor-widget-nav-menu\" data-id=\"4e7ae88\" data-element_type=\"widget\" data-e-type=\"widget\" data-settings=\"{&quot;layout&quot;:&quot;horizontal&quot;,&quot;submenu_icon&quot;:{&quot;value&quot;:&quot;&lt;i class=\\&quot;fas fa-caret-down\\&quot; aria-hidden=\\&quot;true\\&quot;&gt;&lt;\\\/i&gt;&quot;,&quot;library&quot;:&quot;fa-solid&quot;},&quot;toggle&quot;:&quot;burger&quot;}\" data-widget_type=\"nav-menu.default\">\n\t\t\t\t<div class=\"elementor-widget-container\">\n\t\t\t\t\t\t\t\t<nav aria-label=\"Menu\" class=\"elementor-nav-menu--main elementor-nav-menu__container elementor-nav-menu--layout-horizontal e--pointer-none\">\n\t\t\t\t<ul id=\"menu-1-4e7ae88\" class=\"elementor-nav-menu\"><li class=\"menu-item menu-item-type-post_type menu-item-object-page menu-item-home menu-item-65\"><a href=\"https:\/\/contrerasabogados.mx\/en\/\" class=\"elementor-item\">HOME<\/a><\/li>\n<li class=\"menu-item menu-item-type-post_type menu-item-object-page menu-item-64\"><a href=\"https:\/\/contrerasabogados.mx\/en\/quienes-somos\/\" class=\"elementor-item\">ABOUT US<\/a><\/li>\n<li class=\"menu-item menu-item-type-post_type menu-item-object-page menu-item-63\"><a href=\"https:\/\/contrerasabogados.mx\/en\/nuestros-valores\/\" class=\"elementor-item\">OUR VALUES<\/a><\/li>\n<li class=\"menu-item menu-item-type-post_type menu-item-object-page menu-item-62\"><a href=\"https:\/\/contrerasabogados.mx\/en\/areas-de-practica\/\" class=\"elementor-item\">PRACTICE AREAS<\/a><\/li>\n<li class=\"menu-item menu-item-type-post_type menu-item-object-page menu-item-61\"><a href=\"https:\/\/contrerasabogados.mx\/en\/contactanos\/\" class=\"elementor-item\">CONTACT US<\/a><\/li>\n<\/ul>\t\t\t<\/nav>\n\t\t\t\t\t<div class=\"elementor-menu-toggle\" role=\"button\" tabindex=\"0\" aria-label=\"Menu Toggle\" aria-expanded=\"false\">\n\t\t\t<i aria-hidden=\"true\" role=\"presentation\" class=\"elementor-menu-toggle__icon--open eicon-menu-bar\"><\/i><i aria-hidden=\"true\" role=\"presentation\" class=\"elementor-menu-toggle__icon--close eicon-close\"><\/i>\t\t<\/div>\n\t\t\t\t\t<nav class=\"elementor-nav-menu--dropdown elementor-nav-menu__container\" aria-hidden=\"true\">\n\t\t\t\t<ul id=\"menu-2-4e7ae88\" class=\"elementor-nav-menu\"><li class=\"menu-item menu-item-type-post_type menu-item-object-page menu-item-home menu-item-65\"><a href=\"https:\/\/contrerasabogados.mx\/en\/\" class=\"elementor-item\" tabindex=\"-1\">HOME<\/a><\/li>\n<li class=\"menu-item menu-item-type-post_type menu-item-object-page menu-item-64\"><a href=\"https:\/\/contrerasabogados.mx\/en\/quienes-somos\/\" class=\"elementor-item\" tabindex=\"-1\">ABOUT US<\/a><\/li>\n<li class=\"menu-item menu-item-type-post_type menu-item-object-page menu-item-63\"><a href=\"https:\/\/contrerasabogados.mx\/en\/nuestros-valores\/\" class=\"elementor-item\" tabindex=\"-1\">OUR VALUES<\/a><\/li>\n<li class=\"menu-item menu-item-type-post_type menu-item-object-page menu-item-62\"><a href=\"https:\/\/contrerasabogados.mx\/en\/areas-de-practica\/\" class=\"elementor-item\" tabindex=\"-1\">PRACTICE AREAS<\/a><\/li>\n<li class=\"menu-item menu-item-type-post_type menu-item-object-page menu-item-61\"><a href=\"https:\/\/contrerasabogados.mx\/en\/contactanos\/\" class=\"elementor-item\" tabindex=\"-1\">CONTACT US<\/a><\/li>\n<\/ul>\t\t\t<\/nav>\n\t\t\t\t\t\t<\/div>\n\t\t\t\t<\/div>\n\t\t\t\t\t<\/div>\n\t\t<\/div>\n\t\t\t\t\t<\/div>\n\t\t<\/section>\n\t\t\t\t<section class=\"elementor-section elementor-top-section elementor-element elementor-element-9b99e47 elementor-section-full_width elementor-section-height-default elementor-section-height-default\" data-id=\"9b99e47\" data-element_type=\"section\" data-e-type=\"section\">\n\t\t\t\t\t\t<div class=\"elementor-container elementor-column-gap-default\">\n\t\t\t\t\t<div class=\"elementor-column elementor-col-100 elementor-top-column elementor-element elementor-element-c6df033\" data-id=\"c6df033\" data-element_type=\"column\" data-e-type=\"column\">\n\t\t\t<div class=\"elementor-widget-wrap elementor-element-populated\">\n\t\t\t\t\t\t<div class=\"elementor-element elementor-element-f07b79a elementor-widget elementor-widget-menu-anchor\" data-id=\"f07b79a\" data-element_type=\"widget\" data-e-type=\"widget\" data-widget_type=\"menu-anchor.default\">\n\t\t\t\t<div class=\"elementor-widget-container\">\n\t\t\t\t\t\t\t<div class=\"elementor-menu-anchor\" id=\"tc\"><\/div>\n\t\t\t\t\t\t<\/div>\n\t\t\t\t<\/div>\n\t\t\t\t<div class=\"elementor-element elementor-element-4cf21e4 elementor-widget elementor-widget-heading\" data-id=\"4cf21e4\" data-element_type=\"widget\" data-e-type=\"widget\" data-widget_type=\"heading.default\">\n\t\t\t\t<div class=\"elementor-widget-container\">\n\t\t\t\t\t<h2 class=\"elementor-heading-title elementor-size-default\">WEB PRIVACY POLICY<\/h2>\t\t\t\t<\/div>\n\t\t\t\t<\/div>\n\t\t\t\t<div class=\"elementor-element elementor-element-3db02f4 elementor-widget-divider--view-line elementor-widget elementor-widget-divider\" data-id=\"3db02f4\" data-element_type=\"widget\" data-e-type=\"widget\" data-widget_type=\"divider.default\">\n\t\t\t\t<div class=\"elementor-widget-container\">\n\t\t\t\t\t\t\t<div class=\"elementor-divider\">\n\t\t\t<span class=\"elementor-divider-separator\">\n\t\t\t\t\t\t<\/span>\n\t\t<\/div>\n\t\t\t\t\t\t<\/div>\n\t\t\t\t<\/div>\n\t\t\t\t<section class=\"elementor-section elementor-inner-section elementor-element elementor-element-4858189 elementor-section-boxed elementor-section-height-default elementor-section-height-default\" data-id=\"4858189\" data-element_type=\"section\" data-e-type=\"section\">\n\t\t\t\t\t\t<div class=\"elementor-container elementor-column-gap-default\">\n\t\t\t\t\t<div class=\"elementor-column elementor-col-50 elementor-inner-column elementor-element elementor-element-e887f2e\" data-id=\"e887f2e\" data-element_type=\"column\" data-e-type=\"column\">\n\t\t\t<div class=\"elementor-widget-wrap\">\n\t\t\t\t\t\t\t<\/div>\n\t\t<\/div>\n\t\t\t\t<div class=\"elementor-column elementor-col-50 elementor-inner-column elementor-element elementor-element-eb53e1a\" data-id=\"eb53e1a\" data-element_type=\"column\" data-e-type=\"column\">\n\t\t\t<div class=\"elementor-widget-wrap elementor-element-populated\">\n\t\t\t\t\t\t<div class=\"elementor-element elementor-element-70d4f73 elementor-widget__width-initial elementor-widget elementor-widget-text-editor\" data-id=\"70d4f73\" data-element_type=\"widget\" data-e-type=\"widget\" data-widget_type=\"text-editor.default\">\n\t\t\t\t<div class=\"elementor-widget-container\">\n\t\t\t\t\t\t\t\t\t<p><strong>Contreras Mantec\u00f3n Abogados SC<\/strong> makes known to you the terms and conditions of the processing of personal data.<\/p><p><strong>AUTHORIZATION FOR THE PROCESSING OF INFORMATION<\/strong><\/p><p>By agreeing to these terms, the Data Subject authorizes <strong>Contreras Mantec\u00f3n Abogados SC<\/strong>, to collect and process your personal data (for example, name, address, telephone numbers, email, copies of IDs and\/or official documents, credit and\/or financial information, bank details, billing data, etc.) that you voluntarily provide orally, in writing, by physical, electronic, electromagnetic, visual, audio or any other means, which may include sensitive personal data such as: racial information, health status, genetic information, religious, political, moral beliefs, sexual preferences, etc.<\/p><p>Likewise, it grants its authorization for <strong>Contreras Mantec\u00f3n Abogados SC<\/strong> may process, use, store and\/or transfer your personal data (including sensitive data) to third parties, whether national or foreign, provided that the data is used for the purposes indicated herein.<\/p><p><strong>PURPOSE<\/strong><\/p><p>Personal data, including sensitive data, will be used solely to fulfill the purposes for which it was provided by its owner, such as: entry into the supplier registry, entry into the customer catalog, for the fulfillment of obligations derived from commercial operations in which you are a party, such as; service contracts or any nature related to the service, registration of email accounts, social networks and related relevant to the subject of the service provided, financial operations, payments, or to provide you with information on products, services, promotions, surveys or notices that may be of interest to you.<\/p><p><strong>DATA PROTECTION<\/strong><\/p><p><strong>Contreras Mantec\u00f3n Abogados SC<\/strong> It has the physical and digital means to protect and limit the use or disclosure of your information and does not obtain or store information of any kind through cookies, web beacons or similar during access to its website and does not use the information of individuals for purposes other than those related to its commercial operations and\/or those indicated above.<\/p><p><strong>MEANS TO EXERCISE RIGHTS RELATING TO YOUR INFORMATION<\/strong><\/p><p>The Owner of Personal Information may at any time exercise their rights of access, rectification, cancellation or opposition of their data (ARCO), or revoke the consent they have given us for the processing of their personal data, so that we stop using them. To do so, they must submit a written request addressed to Lord Byron No. 28 Polanco V secc. in the Miguel Hidalgo Delegation, zip code 11580, Mexico City, or to the email address contacto@contrerasabogados.mx. They must include their address and\/or email address to receive notifications, documents proving their identity, a clear and precise description of their personal data, the purpose of the request, and attach a copy of the documents or elements supporting their request. <strong>Contreras Mantec\u00f3n Abogados SC<\/strong>, will communicate the response within 30 days from receipt of the request and the response will be notified to the Holder by the means indicated therein.<\/p><p><strong>MODIFICATION<\/strong><\/p><p>Any modification to the terms of the Privacy Notice will be announced through the portal www.contrerasabogados.net and if no objection is filed within 5 days following the modification, it is understood that the Data Subject consents and agrees to the new terms.<\/p><p><strong>CONSENT<\/strong><\/p><p>By providing personal and sensitive information, whether physical, electronic, or by any other means, you declare that you have read this Privacy Notice and understand its scope and content. By not objecting in writing to the aforementioned company, you express your full agreement with the terms and authorizations contained herein. If you do not disagree with the terms set forth in this notice, do not enter or provide your personal data by any means.<\/p>\t\t\t\t\t\t\t\t<\/div>\n\t\t\t\t<\/div>\n\t\t\t\t\t<\/div>\n\t\t<\/div>\n\t\t\t\t\t<\/div>\n\t\t<\/section>\n\t\t\t\t\t<\/div>\n\t\t<\/div>\n\t\t\t\t\t<\/div>\n\t\t<\/section>\n\t\t\t\t<section class=\"elementor-section elementor-top-section elementor-element elementor-element-ccaf9a2 elementor-section-full_width elementor-section-height-default elementor-section-height-default\" data-id=\"ccaf9a2\" data-element_type=\"section\" data-e-type=\"section\" data-settings=\"{&quot;background_background&quot;:&quot;classic&quot;}\">\n\t\t\t\t\t\t<div class=\"elementor-container elementor-column-gap-default\">\n\t\t\t\t\t<div class=\"elementor-column elementor-col-33 elementor-top-column elementor-element elementor-element-b0d590d\" data-id=\"b0d590d\" data-element_type=\"column\" data-e-type=\"column\">\n\t\t\t<div class=\"elementor-widget-wrap elementor-element-populated\">\n\t\t\t\t\t\t<div class=\"elementor-element elementor-element-3017d0f elementor-widget elementor-widget-image\" data-id=\"3017d0f\" data-element_type=\"widget\" data-e-type=\"widget\" data-widget_type=\"image.default\">\n\t\t\t\t<div class=\"elementor-widget-container\">\n\t\t\t\t\t\t\t\t\t\t\t\t\t\t\t<img decoding=\"async\" width=\"443\" height=\"93\" src=\"https:\/\/contrerasabogados.mx\/wp-content\/uploads\/2023\/07\/Logo_Blanco_CA.webp\" class=\"attachment-large size-large wp-image-67\" alt=\"\" srcset=\"https:\/\/contrerasabogados.mx\/wp-content\/uploads\/2023\/07\/Logo_Blanco_CA.webp 443w, https:\/\/contrerasabogados.mx\/wp-content\/uploads\/2023\/07\/Logo_Blanco_CA-300x63.webp 300w\" sizes=\"(max-width: 443px) 100vw, 443px\" \/>\t\t\t\t\t\t\t\t\t\t\t\t\t\t\t<\/div>\n\t\t\t\t<\/div>\n\t\t\t\t<div class=\"elementor-element elementor-element-f33680c elementor-widget elementor-widget-spacer\" data-id=\"f33680c\" data-element_type=\"widget\" data-e-type=\"widget\" data-widget_type=\"spacer.default\">\n\t\t\t\t<div class=\"elementor-widget-container\">\n\t\t\t\t\t\t\t<div class=\"elementor-spacer\">\n\t\t\t<div class=\"elementor-spacer-inner\"><\/div>\n\t\t<\/div>\n\t\t\t\t\t\t<\/div>\n\t\t\t\t<\/div>\n\t\t\t\t<div class=\"elementor-element elementor-element-4440641 elementor-widget elementor-widget-heading\" data-id=\"4440641\" data-element_type=\"widget\" data-e-type=\"widget\" data-widget_type=\"heading.default\">\n\t\t\t\t<div class=\"elementor-widget-container\">\n\t\t\t\t\t<h3 class=\"elementor-heading-title elementor-size-default\"><a href=\"https:\/\/contrerasabogados.mx\/en\/tc\/\">PRIVACY POLICY\n<\/a><\/h3>\t\t\t\t<\/div>\n\t\t\t\t<\/div>\n\t\t\t\t<div class=\"elementor-element elementor-element-f1ed99f elementor-widget elementor-widget-spacer\" data-id=\"f1ed99f\" data-element_type=\"widget\" data-e-type=\"widget\" data-widget_type=\"spacer.default\">\n\t\t\t\t<div class=\"elementor-widget-container\">\n\t\t\t\t\t\t\t<div class=\"elementor-spacer\">\n\t\t\t<div class=\"elementor-spacer-inner\"><\/div>\n\t\t<\/div>\n\t\t\t\t\t\t<\/div>\n\t\t\t\t<\/div>\n\t\t\t\t<div class=\"elementor-element elementor-element-c046288 elementor-widget elementor-widget-text-editor\" data-id=\"c046288\" data-element_type=\"widget\" data-e-type=\"widget\" data-widget_type=\"text-editor.default\">\n\t\t\t\t<div class=\"elementor-widget-container\">\n\t\t\t\t\t\t\t\t\t<p>\u00a9 2020 CONTRERAS ABOGADOS S.C. | ALL RIGHTS RESERVED<\/p>\t\t\t\t\t\t\t\t<\/div>\n\t\t\t\t<\/div>\n\t\t\t\t\t<\/div>\n\t\t<\/div>\n\t\t\t\t<div class=\"elementor-column elementor-col-33 elementor-top-column elementor-element elementor-element-d85a4a2\" data-id=\"d85a4a2\" data-element_type=\"column\" data-e-type=\"column\">\n\t\t\t<div class=\"elementor-widget-wrap elementor-element-populated\">\n\t\t\t\t\t\t<div class=\"elementor-element elementor-element-d56947d elementor-view-stacked elementor-shape-circle elementor-widget elementor-widget-icon\" data-id=\"d56947d\" data-element_type=\"widget\" data-e-type=\"widget\" data-widget_type=\"icon.default\">\n\t\t\t\t<div class=\"elementor-widget-container\">\n\t\t\t\t\t\t\t<div class=\"elementor-icon-wrapper\">\n\t\t\t<a class=\"elementor-icon\" href=\"#tc\">\n\t\t\t<i aria-hidden=\"true\" class=\"fas fa-angle-up\"><\/i>\t\t\t<\/a>\n\t\t<\/div>\n\t\t\t\t\t\t<\/div>\n\t\t\t\t<\/div>\n\t\t\t\t\t<\/div>\n\t\t<\/div>\n\t\t\t\t<div class=\"elementor-column elementor-col-33 elementor-top-column elementor-element elementor-element-f3297ab\" data-id=\"f3297ab\" data-element_type=\"column\" data-e-type=\"column\">\n\t\t\t<div class=\"elementor-widget-wrap\">\n\t\t\t\t\t\t\t<\/div>\n\t\t<\/div>\n\t\t\t\t\t<\/div>\n\t\t<\/section>\n\t\t\t\t<\/div>","protected":false},"excerpt":{"rendered":"<p>pol\u00edtica de PRIVACIDAD web Contreras Mantec\u00f3n Abogados SC hace de su conocimiento los t\u00e9rminos y condiciones del trato de los datos personales. AUTORIZACION PARA EL TRATAMIENTO DE LA INFORMACION Al consentir estos t\u00e9rminos, el Titular de la informaci\u00f3n autoriza a Contreras Mantec\u00f3n Abogados SC, a recabar y tratar sus datos personales (por ejemplo nombre, domicilio, [&hellip;]<\/p>\n","protected":false},"author":1,"featured_media":0,"parent":0,"menu_order":0,"comment_status":"closed","ping_status":"closed","template":"elementor_canvas","meta":{"footnotes":""},"class_list":["post-141","page","type-page","status-publish","hentry"],"_links":{"self":[{"href":"https:\/\/contrerasabogados.mx\/en\/wp-json\/wp\/v2\/pages\/141","targetHints":{"allow":["GET"]}}],"collection":[{"href":"https:\/\/contrerasabogados.mx\/en\/wp-json\/wp\/v2\/pages"}],"about":[{"href":"https:\/\/contrerasabogados.mx\/en\/wp-json\/wp\/v2\/types\/page"}],"author":[{"embeddable":true,"href":"https:\/\/contrerasabogados.mx\/en\/wp-json\/wp\/v2\/users\/1"}],"replies":[{"embeddable":true,"href":"https:\/\/contrerasabogados.mx\/en\/wp-json\/wp\/v2\/comments?post=141"}],"version-history":[{"count":4,"href":"https:\/\/contrerasabogados.mx\/en\/wp-json\/wp\/v2\/pages\/141\/revisions"}],"predecessor-version":[{"id":145,"href":"https:\/\/contrerasabogados.mx\/en\/wp-json\/wp\/v2\/pages\/141\/revisions\/145"}],"wp:attachment":[{"href":"https:\/\/contrerasabogados.mx\/en\/wp-json\/wp\/v2\/media?parent=141"}],"curies":[{"name":"wp","href":"https:\/\/api.w.org\/{rel}","templated":true}]}}